{"id":2272,"date":"2020-05-11T12:23:20","date_gmt":"2020-05-11T10:23:20","guid":{"rendered":"https:\/\/hotel-frankopan.hr\/?page_id=2272"},"modified":"2020-06-08T12:57:16","modified_gmt":"2020-06-08T10:57:16","slug":"torte-i-kolaci","status":"publish","type":"page","link":"https:\/\/hotel-frankopan.hr\/en\/torte-i-kolaci\/","title":{"rendered":"CAKES AND SWEETS"},"content":{"rendered":"<p><div class=\"fusion-fullwidth fullwidth-box nonhundred-percent-fullwidth non-hundred-percent-height-scrolling\"  style='background-color: rgba(255,255,255,0);background-position: center center;background-repeat: no-repeat;padding-top:30px;padding-right:0px;padding-bottom:0px;padding-left:0px;'><div class=\"fusion-builder-row fusion-row\"><div  class=\"fusion-layout-column fusion_builder_column fusion_builder_column_1_2 fusion-builder-column-1 fusion-one-half fusion-column-first 1_2\"  style='margin-top:0px;margin-bottom:0px;'>\n\t\t\t\t\t<div class=\"fusion-column-wrapper\" style=\"padding: 0px 0px 0px 0px;background-position:left top;background-repeat:no-repeat;-webkit-background-size:cover;-moz-background-size:cover;-o-background-size:cover;background-size:cover;\"   data-bg-url=\"\">\n\t\t\t\t\t\t<style type=\"text\/css\">@media only screen and (max-width:800px) {.fusion-title.fusion-title-1{margin-top:0px!important;margin-bottom:15px!important;}}<\/style><div class=\"fusion-title title fusion-title-1 fusion-title-size-three\" style=\"font-size:36px;margin-top:0px;margin-bottom:15px;\"><h3 class=\"title-heading-left\" style=\"margin:0;font-size:1em;\">Slatki predah uz fine slastice<\/h3><div class=\"title-sep-container\"><div class=\"title-sep sep-\" style=\"border-color:#e0dede;\"><\/div><\/div><\/div><div class=\"fusion-sep-clear\"><\/div><div class=\"fusion-separator sep-single sep-solid\" style=\"border-color:#712d2c;border-top-width:1px;margin-top:0px;margin-bottom:20px;width:100%;max-width:90px;\"><\/div><div class=\"fusion-text\"><p>Slatki predah o\u010dekuje vas uz fine slastice iz dnevne ponude savija\u010da, torti i kola\u010da. \u00a0Sve slastice pripremaju se ru\u010dno u na\u0161oj kuhinji prema tradicionalnim i modernim recepturama koriste\u0107i visoko kvalitetne sastojke<span class=\"Apple-converted-space\">\u00a0 <\/span>bez aditiva i poja\u010diva\u0107a okusa.<span class=\"Apple-converted-space\">\u00a0<\/span><\/p>\n<p>Za va\u0161e proslave u ponudi imamo nekoliko vrsta torti koje prigodno ukra\u0161avamo, a sve ih mo\u017eete <strong>naru\u010diti i za van<\/strong>.<\/p>\n<\/div><div class=\"fusion-text\"><p>Priu\u0161tite si nezaboravno slatko iskustvo za razne proslave poput vjen\u010danja, ro\u0111endana, krstitki, domjenaka i drugih doga\u0111anja s na\u0161om ponudom <strong>\u201c<i>Slatki stol Frankopan\u201c<\/i><\/strong> . Dekorirani slatki stol \u0107e svakog gosta ostaviti bez daha vizulanom prezentacijom slastica i razli\u010ditim kombinacijama okusima koji \u0107e se dugo pamtiti.<span class=\"Apple-converted-space\">\u00a0<\/span><\/p>\n<\/div><div class=\"fusion-sep-clear\"><\/div><div class=\"fusion-separator fusion-full-width-sep sep-none\" style=\"margin-left: auto;margin-right: auto;margin-top:20px;margin-bottom:20px;\"><\/div><div class=\"fusion-button-wrapper\"><a class=\"fusion-button button-flat fusion-button-default-shape fusion-button-default-size button-default button-1 fusion-button-default-span fusion-button-default-type\" target=\"_self\" href=\"https:\/\/hotel-frankopan.hr\/en\/kontakt\/\"><span class=\"fusion-button-text\">NARU\u010cITE ZA VAN<\/span><\/a><\/div><div class=\"fusion-clearfix\"><\/div>\n\n\t\t\t\t\t<\/div>\n\t\t\t\t<\/div><div  class=\"fusion-layout-column fusion_builder_column fusion_builder_column_1_2 fusion-builder-column-2 fusion-one-half fusion-column-last 1_2\"  style='margin-top:0px;margin-bottom:20px;'>\n\t\t\t\t\t<div class=\"fusion-column-wrapper\" style=\"padding: 0px 0px 0px 0px;background-position:left top;background-repeat:no-repeat;-webkit-background-size:cover;-moz-background-size:cover;-o-background-size:cover;background-size:cover;\"   data-bg-url=\"\">\n\t\t\t\t\t\t<span class=\"fusion-imageframe imageframe-none imageframe-1 hover-type-none\"><img loading=\"lazy\" src=\"http:\/\/hotel-frankopan.hr\/wp-content\/uploads\/2020\/05\/slastice_frankopan.jpg\" width=\"600\" height=\"821\" alt=\"\" title=\"slastice_frankopan\" class=\"img-responsive wp-image-2284\" srcset=\"https:\/\/hotel-frankopan.hr\/wp-content\/uploads\/2020\/05\/slastice_frankopan-200x274.jpg 200w, https:\/\/hotel-frankopan.hr\/wp-content\/uploads\/2020\/05\/slastice_frankopan-400x547.jpg 400w, https:\/\/hotel-frankopan.hr\/wp-content\/uploads\/2020\/05\/slastice_frankopan.jpg 600w\" sizes=\"(max-width: 800px) 100vw, 600px\" \/><\/span><div class=\"fusion-clearfix\"><\/div>\n\n\t\t\t\t\t<\/div>\n\t\t\t\t<\/div><\/div><\/div><div class=\"fusion-fullwidth fullwidth-box nonhundred-percent-fullwidth non-hundred-percent-height-scrolling\"  style='background-color: rgba(255,255,255,0);background-position: center center;background-repeat: no-repeat;padding-top:10px;padding-right:0px;padding-bottom:0px;padding-left:0px;'><div class=\"fusion-builder-row fusion-row\"><div  class=\"fusion-layout-column fusion_builder_column fusion_builder_column_1_1 fusion-builder-column-3 fusion-one-full fusion-column-first fusion-column-last 1_1\"  style='margin-top:0px;margin-bottom:20px;'>\n\t\t\t\t\t<div class=\"fusion-column-wrapper\" style=\"padding: 0px 0px 0px 0px;background-position:left top;background-repeat:no-repeat;-webkit-background-size:cover;-moz-background-size:cover;-o-background-size:cover;background-size:cover;\"   data-bg-url=\"\">\n\t\t\t\t\t\t<style type=\"text\/css\">@media only screen and (max-width:800px) {.fusion-title.fusion-title-2{margin-top:0px!important;margin-bottom:0px!important;}}<\/style><div class=\"fusion-title title fusion-title-2 fusion-title-center fusion-title-size-two\" style=\"font-size:13px;margin-top:0px;margin-bottom:0px;\"><div class=\"title-sep-container title-sep-container-left\"><div class=\"title-sep sep-\" style=\"border-color:#e0dede;\"><\/div><\/div><h2 class=\"title-heading-center\" style=\"margin:0;font-size:1em;letter-spacing:4px;\">SWEETS FROM OUR KITCHEN<\/h2><div class=\"title-sep-container title-sep-container-right\"><div class=\"title-sep sep-\" style=\"border-color:#e0dede;\"><\/div><\/div><\/div><style type=\"text\/css\">@media only screen and (max-width:800px) {.fusion-title.fusion-title-3{margin-top:0px!important;margin-bottom:15px!important;}}<\/style><div class=\"fusion-title title fusion-title-3 fusion-title-center fusion-title-size-three\" style=\"font-size:36px;margin-top:0px;margin-bottom:15px;\"><div class=\"title-sep-container title-sep-container-left\"><div class=\"title-sep sep-\" style=\"border-color:#e0dede;\"><\/div><\/div><h3 class=\"title-heading-center\" style=\"margin:0;font-size:1em;\">Izbor torti &amp; savija\u010da<\/h3><div class=\"title-sep-container title-sep-container-right\"><div class=\"title-sep sep-\" style=\"border-color:#e0dede;\"><\/div><\/div><\/div><div class=\"fusion-sep-clear\"><\/div><div class=\"fusion-separator sep-single sep-solid\" style=\"border-color:#712d2c;border-top-width:1px;margin-left: auto;margin-right: auto;margin-top:15px;margin-bottom:50px;width:100%;max-width:90px;\"><\/div><div class=\"fusion-builder-row fusion-builder-row-inner fusion-row\"><div  class=\"fusion-layout-column fusion_builder_column fusion_builder_column_1_6  fusion-one-sixth fusion-column-first 1_6\"  style='margin-top: 0px;margin-bottom: 20px;width:16.66%;width:calc(16.66% - ( ( 4% + 4% ) * 0.1666 ) );margin-right:4%;'><div class=\"fusion-column-wrapper\" style=\"padding: 0px 0px 0px 0px;background-position:left top;background-repeat:no-repeat;-webkit-background-size:cover;-moz-background-size:cover;-o-background-size:cover;background-size:cover;\"  data-bg-url=\"\"><\/div><\/div><div  class=\"fusion-layout-column fusion_builder_column fusion_builder_column_2_3  fusion-two-third 2_3\"  style='margin-top: 0px;margin-bottom: 20px;width:66.66%;width:calc(66.66% - ( ( 4% + 4% ) * 0.6666 ) );margin-right:4%;'><div class=\"fusion-column-wrapper\" style=\"padding: 0px 0px 0px 0px;background-position:left top;background-repeat:no-repeat;-webkit-background-size:cover;-moz-background-size:cover;-o-background-size:cover;background-size:cover;\"  data-bg-url=\"\"><div class=\"fusion-text\"><p style=\"text-align: center;\">Torta od mrkve i \u0111umbira \u00a0I \u00a0Torta tri vrste \u010dokolade \u00a0I \u00a0Splitska torta \u00a0I \u00a0Torta od sira \u00a0I \u00a0Ledeni vjetar \u00a0I \u00a0Moskva \u0161nite \u00a0I \u00a0Sacher torta \u00a0I \u00a0Vo\u0107na mousse torta \u00a0I \u00a0Doma\u0107a savija\u0107a od sira\/jabuka\/\u0161umskog vo\u0107a<\/p>\n<\/div><\/div><\/div><div  class=\"fusion-layout-column fusion_builder_column fusion_builder_column_1_6  fusion-one-sixth fusion-column-last 1_6\"  style='margin-top: 0px;margin-bottom: 20px;width:16.66%;width:calc(16.66% - ( ( 4% + 4% ) * 0.1666 ) );'><div class=\"fusion-column-wrapper\" style=\"padding: 0px 0px 0px 0px;background-position:left top;background-repeat:no-repeat;-webkit-background-size:cover;-moz-background-size:cover;-o-background-size:cover;background-size:cover;\"  data-bg-url=\"\"><\/div><\/div><\/div><div class=\"fusion-clearfix\"><\/div>\n\n\t\t\t\t\t<\/div>\n\t\t\t\t<\/div><\/div><\/div><div class=\"fusion-fullwidth fullwidth-box nonhundred-percent-fullwidth non-hundred-percent-height-scrolling\"  style='background-color: rgba(255,255,255,0);background-position: center center;background-repeat: no-repeat;padding-top:60px;padding-right:0px;padding-bottom:60px;padding-left:0px;'><div class=\"fusion-builder-row fusion-row\"><div  class=\"fusion-layout-column fusion_builder_column fusion_builder_column_1_1 fusion-builder-column-4 fusion-one-full fusion-column-first fusion-column-last 1_1\"  style='margin-top:0px;margin-bottom:20px;'>\n\t\t\t\t\t<div class=\"fusion-column-wrapper\" style=\"padding: 0px 0px 0px 0px;background-position:left top;background-repeat:no-repeat;-webkit-background-size:cover;-moz-background-size:cover;-o-background-size:cover;background-size:cover;\"   data-bg-url=\"\">\n\t\t\t\t\t\t<div class=\"fusion-image-carousel fusion-image-carousel-auto lightbox-enabled\"><div class=\"fusion-carousel\" data-autoplay=\"yes\" data-columns=\"2\" data-itemmargin=\"13\" data-itemwidth=\"180\" data-touchscroll=\"no\" data-imagesize=\"auto\"><div class=\"fusion-carousel-positioner\"><ul class=\"fusion-carousel-holder\"><li class=\"fusion-carousel-item\"><div class=\"fusion-carousel-item-wrapper\"><div class=\"fusion-image-wrapper hover-type-none\"><a data-rel=\"iLightbox[image_carousel_1]\" data-title=\"torte_kolaci_1\" aria-label=\"torte_kolaci_1\" href=\"http:\/\/hotel-frankopan.hr\/wp-content\/uploads\/2020\/05\/torte_kolaci_1.jpg\" target=\"_self\"><img width=\"1024\" height=\"683\" src=\"https:\/\/hotel-frankopan.hr\/wp-content\/uploads\/2020\/05\/torte_kolaci_1.jpg\" class=\"attachment-full size-full\" alt=\"\" loading=\"lazy\" srcset=\"https:\/\/hotel-frankopan.hr\/wp-content\/uploads\/2020\/05\/torte_kolaci_1-200x133.jpg 200w, https:\/\/hotel-frankopan.hr\/wp-content\/uploads\/2020\/05\/torte_kolaci_1-400x267.jpg 400w, https:\/\/hotel-frankopan.hr\/wp-content\/uploads\/2020\/05\/torte_kolaci_1-600x400.jpg 600w, https:\/\/hotel-frankopan.hr\/wp-content\/uploads\/2020\/05\/torte_kolaci_1-800x534.jpg 800w, https:\/\/hotel-frankopan.hr\/wp-content\/uploads\/2020\/05\/torte_kolaci_1.jpg 1024w\" sizes=\"(min-width: 2200px) 100vw, (min-width: 732px) 579px, (min-width: 640px) 732px, \" \/><\/a><\/div><\/div><\/li><li class=\"fusion-carousel-item\"><div class=\"fusion-carousel-item-wrapper\"><div class=\"fusion-image-wrapper hover-type-none\"><a data-rel=\"iLightbox[image_carousel_1]\" data-title=\"torte_kolaci_2\" aria-label=\"torte_kolaci_2\" href=\"http:\/\/hotel-frankopan.hr\/wp-content\/uploads\/2020\/05\/torte_kolaci_2.jpg\" target=\"_self\"><img width=\"1024\" height=\"683\" src=\"https:\/\/hotel-frankopan.hr\/wp-content\/uploads\/2020\/05\/torte_kolaci_2.jpg\" class=\"attachment-full size-full\" alt=\"\" loading=\"lazy\" srcset=\"https:\/\/hotel-frankopan.hr\/wp-content\/uploads\/2020\/05\/torte_kolaci_2-200x133.jpg 200w, https:\/\/hotel-frankopan.hr\/wp-content\/uploads\/2020\/05\/torte_kolaci_2-400x267.jpg 400w, https:\/\/hotel-frankopan.hr\/wp-content\/uploads\/2020\/05\/torte_kolaci_2-600x400.jpg 600w, https:\/\/hotel-frankopan.hr\/wp-content\/uploads\/2020\/05\/torte_kolaci_2-800x534.jpg 800w, https:\/\/hotel-frankopan.hr\/wp-content\/uploads\/2020\/05\/torte_kolaci_2.jpg 1024w\" sizes=\"(min-width: 2200px) 100vw, (min-width: 732px) 579px, (min-width: 640px) 732px, \" \/><\/a><\/div><\/div><\/li><li class=\"fusion-carousel-item\"><div class=\"fusion-carousel-item-wrapper\"><div class=\"fusion-image-wrapper hover-type-none\"><a data-rel=\"iLightbox[image_carousel_1]\" data-title=\"torte_kolaci_3\" aria-label=\"torte_kolaci_3\" href=\"http:\/\/hotel-frankopan.hr\/wp-content\/uploads\/2020\/05\/torte_kolaci_3.jpg\" target=\"_self\"><img width=\"1024\" height=\"683\" src=\"https:\/\/hotel-frankopan.hr\/wp-content\/uploads\/2020\/05\/torte_kolaci_3.jpg\" class=\"attachment-full size-full\" alt=\"\" loading=\"lazy\" srcset=\"https:\/\/hotel-frankopan.hr\/wp-content\/uploads\/2020\/05\/torte_kolaci_3-200x133.jpg 200w, https:\/\/hotel-frankopan.hr\/wp-content\/uploads\/2020\/05\/torte_kolaci_3-400x267.jpg 400w, https:\/\/hotel-frankopan.hr\/wp-content\/uploads\/2020\/05\/torte_kolaci_3-600x400.jpg 600w, https:\/\/hotel-frankopan.hr\/wp-content\/uploads\/2020\/05\/torte_kolaci_3-800x534.jpg 800w, https:\/\/hotel-frankopan.hr\/wp-content\/uploads\/2020\/05\/torte_kolaci_3.jpg 1024w\" sizes=\"(min-width: 2200px) 100vw, (min-width: 732px) 579px, (min-width: 640px) 732px, \" \/><\/a><\/div><\/div><\/li><li class=\"fusion-carousel-item\"><div class=\"fusion-carousel-item-wrapper\"><div class=\"fusion-image-wrapper hover-type-none\"><a data-rel=\"iLightbox[image_carousel_1]\" data-title=\"torte_kolaci_4\" aria-label=\"torte_kolaci_4\" href=\"http:\/\/hotel-frankopan.hr\/wp-content\/uploads\/2020\/05\/torte_kolaci_4.jpg\" target=\"_self\"><img width=\"1024\" height=\"683\" src=\"https:\/\/hotel-frankopan.hr\/wp-content\/uploads\/2020\/05\/torte_kolaci_4.jpg\" class=\"attachment-full size-full\" alt=\"\" loading=\"lazy\" srcset=\"https:\/\/hotel-frankopan.hr\/wp-content\/uploads\/2020\/05\/torte_kolaci_4-200x133.jpg 200w, https:\/\/hotel-frankopan.hr\/wp-content\/uploads\/2020\/05\/torte_kolaci_4-400x267.jpg 400w, https:\/\/hotel-frankopan.hr\/wp-content\/uploads\/2020\/05\/torte_kolaci_4-600x400.jpg 600w, https:\/\/hotel-frankopan.hr\/wp-content\/uploads\/2020\/05\/torte_kolaci_4-800x534.jpg 800w, https:\/\/hotel-frankopan.hr\/wp-content\/uploads\/2020\/05\/torte_kolaci_4.jpg 1024w\" sizes=\"(min-width: 2200px) 100vw, (min-width: 732px) 579px, (min-width: 640px) 732px, \" \/><\/a><\/div><\/div><\/li><li class=\"fusion-carousel-item\"><div class=\"fusion-carousel-item-wrapper\"><div class=\"fusion-image-wrapper hover-type-none\"><a data-rel=\"iLightbox[image_carousel_1]\" data-title=\"torte_kolaci_5\" aria-label=\"torte_kolaci_5\" href=\"http:\/\/hotel-frankopan.hr\/wp-content\/uploads\/2020\/05\/torte_kolaci_5.jpg\" target=\"_self\"><img width=\"1024\" height=\"683\" src=\"https:\/\/hotel-frankopan.hr\/wp-content\/uploads\/2020\/05\/torte_kolaci_5.jpg\" class=\"attachment-full size-full\" alt=\"\" loading=\"lazy\" srcset=\"https:\/\/hotel-frankopan.hr\/wp-content\/uploads\/2020\/05\/torte_kolaci_5-200x133.jpg 200w, https:\/\/hotel-frankopan.hr\/wp-content\/uploads\/2020\/05\/torte_kolaci_5-400x267.jpg 400w, https:\/\/hotel-frankopan.hr\/wp-content\/uploads\/2020\/05\/torte_kolaci_5-600x400.jpg 600w, https:\/\/hotel-frankopan.hr\/wp-content\/uploads\/2020\/05\/torte_kolaci_5-800x534.jpg 800w, https:\/\/hotel-frankopan.hr\/wp-content\/uploads\/2020\/05\/torte_kolaci_5.jpg 1024w\" sizes=\"(min-width: 2200px) 100vw, (min-width: 732px) 579px, (min-width: 640px) 732px, \" \/><\/a><\/div><\/div><\/li><li class=\"fusion-carousel-item\"><div class=\"fusion-carousel-item-wrapper\"><div class=\"fusion-image-wrapper hover-type-none\"><a data-rel=\"iLightbox[image_carousel_1]\" data-title=\"torte_kolaci_6\" aria-label=\"torte_kolaci_6\" href=\"http:\/\/hotel-frankopan.hr\/wp-content\/uploads\/2020\/05\/torte_kolaci_6.jpg\" target=\"_self\"><img width=\"1024\" height=\"683\" src=\"https:\/\/hotel-frankopan.hr\/wp-content\/uploads\/2020\/05\/torte_kolaci_6.jpg\" class=\"attachment-full size-full\" alt=\"\" loading=\"lazy\" srcset=\"https:\/\/hotel-frankopan.hr\/wp-content\/uploads\/2020\/05\/torte_kolaci_6-200x133.jpg 200w, https:\/\/hotel-frankopan.hr\/wp-content\/uploads\/2020\/05\/torte_kolaci_6-400x267.jpg 400w, https:\/\/hotel-frankopan.hr\/wp-content\/uploads\/2020\/05\/torte_kolaci_6-600x400.jpg 600w, https:\/\/hotel-frankopan.hr\/wp-content\/uploads\/2020\/05\/torte_kolaci_6-800x534.jpg 800w, https:\/\/hotel-frankopan.hr\/wp-content\/uploads\/2020\/05\/torte_kolaci_6.jpg 1024w\" sizes=\"(min-width: 2200px) 100vw, (min-width: 732px) 579px, (min-width: 640px) 732px, \" \/><\/a><\/div><\/div><\/li><li class=\"fusion-carousel-item\"><div class=\"fusion-carousel-item-wrapper\"><div class=\"fusion-image-wrapper hover-type-none\"><a data-rel=\"iLightbox[image_carousel_1]\" data-title=\"torte_kolaci_7\" aria-label=\"torte_kolaci_7\" href=\"http:\/\/hotel-frankopan.hr\/wp-content\/uploads\/2020\/05\/torte_kolaci_7.jpg\" target=\"_self\"><img width=\"1024\" height=\"683\" src=\"https:\/\/hotel-frankopan.hr\/wp-content\/uploads\/2020\/05\/torte_kolaci_7.jpg\" class=\"attachment-full size-full\" alt=\"\" loading=\"lazy\" srcset=\"https:\/\/hotel-frankopan.hr\/wp-content\/uploads\/2020\/05\/torte_kolaci_7-200x133.jpg 200w, https:\/\/hotel-frankopan.hr\/wp-content\/uploads\/2020\/05\/torte_kolaci_7-400x267.jpg 400w, https:\/\/hotel-frankopan.hr\/wp-content\/uploads\/2020\/05\/torte_kolaci_7-600x400.jpg 600w, https:\/\/hotel-frankopan.hr\/wp-content\/uploads\/2020\/05\/torte_kolaci_7-800x534.jpg 800w, https:\/\/hotel-frankopan.hr\/wp-content\/uploads\/2020\/05\/torte_kolaci_7.jpg 1024w\" sizes=\"(min-width: 2200px) 100vw, (min-width: 732px) 579px, (min-width: 640px) 732px, \" \/><\/a><\/div><\/div><\/li><\/ul><div class=\"fusion-carousel-nav\"><span class=\"fusion-nav-prev\"><\/span><span class=\"fusion-nav-next\"><\/span><\/div><\/div><\/div><\/div><div class=\"fusion-clearfix\"><\/div>\n\n\t\t\t\t\t<\/div>\n\t\t\t\t<\/div><\/div><\/div><\/p>","protected":false},"excerpt":{"rendered":"","protected":false},"author":1,"featured_media":0,"parent":0,"menu_order":0,"comment_status":"closed","ping_status":"closed","template":"100-width.php","meta":[],"_links":{"self":[{"href":"https:\/\/hotel-frankopan.hr\/en\/wp-json\/wp\/v2\/pages\/2272"}],"collection":[{"href":"https:\/\/hotel-frankopan.hr\/en\/wp-json\/wp\/v2\/pages"}],"about":[{"href":"https:\/\/hotel-frankopan.hr\/en\/wp-json\/wp\/v2\/types\/page"}],"author":[{"embeddable":true,"href":"https:\/\/hotel-frankopan.hr\/en\/wp-json\/wp\/v2\/users\/1"}],"replies":[{"embeddable":true,"href":"https:\/\/hotel-frankopan.hr\/en\/wp-json\/wp\/v2\/comments?post=2272"}],"version-history":[{"count":13,"href":"https:\/\/hotel-frankopan.hr\/en\/wp-json\/wp\/v2\/pages\/2272\/revisions"}],"predecessor-version":[{"id":2415,"href":"https:\/\/hotel-frankopan.hr\/en\/wp-json\/wp\/v2\/pages\/2272\/revisions\/2415"}],"wp:attachment":[{"href":"https:\/\/hotel-frankopan.hr\/en\/wp-json\/wp\/v2\/media?parent=2272"}],"curies":[{"name":"wp","href":"https:\/\/api.w.org\/{rel}","templated":true}]}}