{"id":1755,"date":"2020-04-16T10:39:45","date_gmt":"2020-04-16T08:39:45","guid":{"rendered":"https:\/\/hotel-frankopan.hr\/?page_id=1755"},"modified":"2020-06-28T13:31:10","modified_gmt":"2020-06-28T11:31:10","slug":"o-nama","status":"publish","type":"page","link":"https:\/\/hotel-frankopan.hr\/en\/o-nama\/","title":{"rendered":"ABOUT US"},"content":{"rendered":"<p><div class=\"fusion-fullwidth fullwidth-box nonhundred-percent-fullwidth non-hundred-percent-height-scrolling\"  style='background-color: rgba(255,255,255,0);background-position: left top;background-repeat: no-repeat;padding-top:0px;padding-right:0px;padding-bottom:60px;padding-left:0px;border-top-width:0px;border-bottom-width:0px;border-color:#eae9e9;border-top-style:solid;border-bottom-style:solid;'><div class=\"fusion-builder-row fusion-row\"><div  class=\"fusion-layout-column fusion_builder_column fusion_builder_column_1_1 fusion-builder-column-1 fusion-one-full fusion-column-first fusion-column-last 1_1\"  style='margin-top:0px;margin-bottom:20px;'>\n\t\t\t\t\t<div class=\"fusion-column-wrapper\" style=\"padding: 0px 0px 0px 0px;background-position:left top;background-repeat:no-repeat;-webkit-background-size:cover;-moz-background-size:cover;-o-background-size:cover;background-size:cover;\"   data-bg-url=\"\">\n\t\t\t\t\t\t<style type=\"text\/css\">@media only screen and (max-width:800px) {.fusion-title.fusion-title-1{margin-top:0px!important;margin-bottom:0px!important;}}<\/style><div class=\"fusion-title title fusion-title-1 fusion-title-center fusion-title-size-two\" style=\"font-size:13px;margin-top:0px;margin-bottom:0px;\"><div class=\"title-sep-container title-sep-container-left\"><div class=\"title-sep sep-\" style=\"border-color:#e0dede;\"><\/div><\/div><h2 class=\"title-heading-center\" style=\"margin:0;font-size:1em;letter-spacing:4px;\"><p style=\"text-align: left;\">WELCOME TO<\/p><\/h2><div class=\"title-sep-container title-sep-container-right\"><div class=\"title-sep sep-\" style=\"border-color:#e0dede;\"><\/div><\/div><\/div><style type=\"text\/css\">@media only screen and (max-width:800px) {.fusion-title.fusion-title-2{margin-top:0px!important;margin-bottom:15px!important;}}<\/style><div class=\"fusion-title title fusion-title-2 fusion-title-center fusion-title-size-three\" style=\"font-size:46px;margin-top:0px;margin-bottom:15px;\"><div class=\"title-sep-container title-sep-container-left\"><div class=\"title-sep sep-\" style=\"border-color:#e0dede;\"><\/div><\/div><h3 class=\"title-heading-center\" style=\"margin:0;font-size:1em;\"><p style=\"text-align: center;\">Heritage hotel Frankopan<\/p><\/h3><div class=\"title-sep-container title-sep-container-right\"><div class=\"title-sep sep-\" style=\"border-color:#e0dede;\"><\/div><\/div><\/div><div class=\"fusion-sep-clear\"><\/div><div class=\"fusion-separator sep-single sep-solid\" style=\"border-color:#cbaa5c;border-top-width:1px;margin-left: auto;margin-right: auto;margin-top:0px;margin-bottom:20px;width:100%;max-width:50px;\"><\/div><div class=\"fusion-text\"><p>The hotel is located in the centre of Ogulin, the centre of continental Croatia with the tourist area of Plitvice Lakes on the east, the wooded Gorski Kotar on the west, and the Northern Adriatic on the south.<span class=\"Apple-converted-space\">\u00a0<\/span><\/p>\n<p>We are located next to the old Frankopan castle from the 16th century built by the noble family Frankopan. Opposite the hotel, you can find \u0110ula\u2019s abyss, a hydrogeological monument of nature, where the river Dobra disappears under rocky cliffs in the enormous chasm in the city centre. The view from the cliff leaves many tourists breathless.<span class=\"Apple-converted-space\">\u00a0 <\/span>\u0110ula\u2019s abyss, together with the Medvednica cave, creates the longest speleological object in Croatia.<span class=\"Apple-converted-space\">\u00a0 <\/span>The name of the abyss is related to the legend of the girl \u0110ula or Zulejka, who fell into the abyss because of unrequited love.<span class=\"Apple-converted-space\">\u00a0<\/span><\/p>\n<\/div><div class=\"fusion-sep-clear\"><\/div><div class=\"fusion-separator fusion-full-width-sep sep-none\" style=\"margin-left: auto;margin-right: auto;margin-top:12px;\"><\/div><div class=\"fusion-text\"><p>Above Ogulin is the mountain Klek, which is 1,182 m high. It is one of the most attractive and popular mountaineering destinations in Croatia, topped by a 200 m high rocky head that is the cradle of Croatian mountaineering and alpinism. Klek has always spurred people\u2019s imagination, so the legend of the witches of Klek was created. According to the legend, during stormy nights, witches, fairies, and elves from all over the world gather on Klek around midnight.<\/p>\n<\/div><div class=\"fusion-clearfix\"><\/div>\n\n\t\t\t\t\t<\/div>\n\t\t\t\t<\/div><\/div><\/div><div class=\"fusion-fullwidth fullwidth-box nonhundred-percent-fullwidth non-hundred-percent-height-scrolling fusion-equal-height-columns\"  style='background-color: rgba(255,255,255,0);background-position: left top;background-repeat: no-repeat;padding-top:30px;padding-right:0px;padding-bottom:70px;padding-left:0px;border-top-width:0px;border-bottom-width:0px;border-color:#eae9e9;border-top-style:solid;border-bottom-style:solid;'><div class=\"fusion-builder-row fusion-row\"><div  class=\"fusion-layout-column fusion_builder_column fusion_builder_column_1_6 fusion-builder-column-2 fusion-one-sixth fusion-column-first 1_6\"  style='margin-top:0px;margin-bottom:20px;width:16.66%;width:calc(16.66% - ( ( 4% + 4% ) * 0.1666 ) );margin-right: 4%;'>\n\t\t\t\t\t<div class=\"fusion-column-wrapper\" style=\"padding: 0px 0px 0px 0px;background-position:left top;background-repeat:no-repeat;-webkit-background-size:cover;-moz-background-size:cover;-o-background-size:cover;background-size:cover;\"   data-bg-url=\"\">\n\t\t\t\t\t\t<div class=\"fusion-clearfix\"><\/div>\n\n\t\t\t\t\t<\/div>\n\t\t\t\t<\/div><div  class=\"fusion-layout-column fusion_builder_column fusion_builder_column_2_3 fusion-builder-column-3 fusion-two-third 2_3\"  style='margin-top:0px;margin-bottom:20px;width:66.66%;width:calc(66.66% - ( ( 4% + 4% ) * 0.6666 ) );margin-right: 4%;'>\n\t\t\t\t\t<div class=\"fusion-column-wrapper\" style=\"border:1px solid #ebeef1;padding: 40px 40px 40px 40px;background-image: url('http:\/\/hotel-frankopan.hr\/wp-content\/uploads\/2020\/04\/pozadina_apartmani.jpg');background-position:right center;background-repeat:no-repeat;-webkit-background-size:cover;-moz-background-size:cover;-o-background-size:cover;background-size:cover;\"   data-bg-url=\"http:\/\/hotel-frankopan.hr\/wp-content\/uploads\/2020\/04\/pozadina_apartmani.jpg\">\n\t\t\t\t\t\t<div class=\"fusion-video fusion-youtube fusion-aligncenter\" style=\"max-width:600px;max-height:360px; width:100%\" data-autoplay=\"1\"><div class=\"video-shortcode\"><iframe title=\"YouTube video player\" src=\"https:\/\/www.youtube.com\/embed\/SMGZbcRSLkg?wmode=transparent&autoplay=0&amp;rel=0\" width=\"600\" height=\"360\" allowfullscreen allow=\"autoplay; fullscreen\"><\/iframe><\/div><\/div><div class=\"fusion-clearfix\"><\/div>\n\n\t\t\t\t\t<\/div>\n\t\t\t\t<\/div><div  class=\"fusion-layout-column fusion_builder_column fusion_builder_column_1_6 fusion-builder-column-4 fusion-one-sixth fusion-column-last 1_6\"  style='margin-top:0px;margin-bottom:20px;width:16.66%;width:calc(16.66% - ( ( 4% + 4% ) * 0.1666 ) );'>\n\t\t\t\t\t<div class=\"fusion-column-wrapper\" style=\"padding: 0px 0px 0px 0px;background-position:left top;background-repeat:no-repeat;-webkit-background-size:cover;-moz-background-size:cover;-o-background-size:cover;background-size:cover;\"   data-bg-url=\"\">\n\t\t\t\t\t\t<div class=\"fusion-clearfix\"><\/div>\n\n\t\t\t\t\t<\/div>\n\t\t\t\t<\/div><\/div><\/div><div class=\"fusion-fullwidth fullwidth-box nonhundred-percent-fullwidth non-hundred-percent-height-scrolling fusion-equal-height-columns\"  style='background-color: #f5f2eb;background-position: left top;background-repeat: no-repeat;padding-top:75px;padding-right:0px;padding-bottom:70px;padding-left:0px;border-top-width:0px;border-bottom-width:0px;border-color:#f5f2eb;border-top-style:solid;border-bottom-style:solid;'><div class=\"fusion-builder-row fusion-row\"><div  class=\"fusion-layout-column fusion_builder_column fusion_builder_column_1_3 fusion-builder-column-5 fusion-one-third fusion-column-first 1_3\"  style='margin-top:0px;margin-bottom:20px;width:33.33%;width:calc(33.33% - ( ( 4% ) * 0.3333 ) );margin-right: 4%;'>\n\t\t\t\t\t<div class=\"fusion-column-wrapper\" style=\"padding: 0px 0px 0px 0px;background-position:right top;background-repeat:no-repeat;-webkit-background-size:cover;-moz-background-size:cover;-o-background-size:cover;background-size:cover;\"   data-bg-url=\"\">\n\t\t\t\t\t\t<div class=\"fusion-column-content-centered\"><div class=\"fusion-column-content\"><span style=\"-webkit-box-shadow: 5px 5px 9px rgba(113,45,44,0.3);box-shadow: 5px 5px 9px rgba(113,45,44,0.3);margin-right:25px;float:left;\" class=\"fusion-imageframe imageframe-dropshadow imageframe-1 hover-type-none\"><img loading=\"lazy\" src=\"http:\/\/hotel-frankopan.hr\/wp-content\/uploads\/2020\/04\/stare-slike-HOTELA.jpg\" width=\"423\" height=\"316\" alt=\"\" title=\"stare slike HOTELA\" class=\"img-responsive wp-image-1756\" srcset=\"https:\/\/hotel-frankopan.hr\/wp-content\/uploads\/2020\/04\/stare-slike-HOTELA-200x149.jpg 200w, https:\/\/hotel-frankopan.hr\/wp-content\/uploads\/2020\/04\/stare-slike-HOTELA-400x299.jpg 400w, https:\/\/hotel-frankopan.hr\/wp-content\/uploads\/2020\/04\/stare-slike-HOTELA.jpg 423w\" sizes=\"(max-width: 800px) 100vw, 423px\" \/><\/span><\/div><\/div><div class=\"fusion-clearfix\"><\/div>\n\n\t\t\t\t\t<\/div>\n\t\t\t\t<\/div><div  class=\"fusion-layout-column fusion_builder_column fusion_builder_column_2_3 fusion-builder-column-6 fusion-two-third fusion-column-last fusion-blend-mode 2_3\"  style='margin-top:0px;margin-bottom:20px;width:66.66%;width:calc(66.66% - ( ( 4% ) * 0.6666 ) );'>\n\t\t\t\t\t<div class=\"fusion-column-wrapper\" style=\"background-color:#f5f2eb;padding: 40px 40px 40px 40px;background-position:left top;background-repeat:no-repeat;-webkit-background-size:cover;-moz-background-size:cover;-o-background-size:cover;background-size:cover;\"   data-bg-url=\"\">\n\t\t\t\t\t\t<div class=\"fusion-text\"><p style=\"text-align: center;\"><em>The building of the Hotel Frankopan was originally built in the 18th century for administrative purposes, and at the end of the 19th century, it was converted into a hotel and catering space. The hotel has urban, architectural, and historical-artistic features, and two Ogulin residents, Milan Cerani\u0107 and Milan Rup\u010di\u0107, completely renovated the hotel in the summer of 2007. It is categorised as a four-star hotel, and in December 2017 the hotel received a new category of heritage hotel from the Ministry of Tourism of the Republic of Croatia.<\/em><\/p>\n<p style=\"text-align: center;\"><em><span style=\"color: #ffffff;\">\u00a0<\/span><\/em><\/p>\n<\/div><div class=\"fusion-text\"><p>The hotel is valued as a protected cultural asset of national importance, and the facility is located in the A historical zone of the historical-urban ensemble of the town of Ogulin.<\/p>\n<\/div><div class=\"fusion-clearfix\"><\/div>\n\n\t\t\t\t\t<\/div>\n\t\t\t\t<\/div><\/div><\/div><div class=\"fusion-fullwidth fullwidth-box nonhundred-percent-fullwidth non-hundred-percent-height-scrolling\"  style='background-color: rgba(255,255,255,0);background-position: left top;background-repeat: no-repeat;padding-top:80px;padding-right:0px;padding-bottom:60px;padding-left:0px;border-top-width:0px;border-bottom-width:0px;border-color:#eae9e9;border-top-style:solid;border-bottom-style:solid;'><div class=\"fusion-builder-row fusion-row\"><div  class=\"fusion-layout-column fusion_builder_column fusion_builder_column_1_1 fusion-builder-column-7 fusion-one-full fusion-column-first fusion-column-last 1_1\"  style='margin-top:0px;margin-bottom:20px;'>\n\t\t\t\t\t<div class=\"fusion-column-wrapper\" style=\"padding: 0px 0px 0px 0px;background-position:left top;background-repeat:no-repeat;-webkit-background-size:cover;-moz-background-size:cover;-o-background-size:cover;background-size:cover;\"   data-bg-url=\"\">\n\t\t\t\t\t\t<style type=\"text\/css\">@media only screen and (max-width:800px) {.fusion-title.fusion-title-3{margin-top:0px!important;margin-bottom:0px!important;}}<\/style><div class=\"fusion-title title fusion-title-3 fusion-title-center fusion-title-size-two\" style=\"font-size:13px;margin-top:0px;margin-bottom:0px;\"><div class=\"title-sep-container title-sep-container-left\"><div class=\"title-sep sep-\" style=\"border-color:#e0dede;\"><\/div><\/div><h2 class=\"title-heading-center\" style=\"margin:0;font-size:1em;letter-spacing:4px;\"><p style=\"text-align: center;\">HERITAGE HOTEL FRANKOPAN<\/p><\/h2><div class=\"title-sep-container title-sep-container-right\"><div class=\"title-sep sep-\" style=\"border-color:#e0dede;\"><\/div><\/div><\/div><style type=\"text\/css\">@media only screen and (max-width:800px) {.fusion-title.fusion-title-4{margin-top:0px!important;margin-bottom:15px!important;}}<\/style><div class=\"fusion-title title fusion-title-4 fusion-title-center fusion-title-size-three\" style=\"font-size:46px;margin-top:0px;margin-bottom:15px;\"><div class=\"title-sep-container title-sep-container-left\"><div class=\"title-sep sep-\" style=\"border-color:#e0dede;\"><\/div><\/div><h3 class=\"title-heading-center\" style=\"margin:0;font-size:1em;\"><p style=\"text-align: center;\">Awards and recognitions for our work<\/p><\/h3><div class=\"title-sep-container title-sep-container-right\"><div class=\"title-sep sep-\" style=\"border-color:#e0dede;\"><\/div><\/div><\/div><div class=\"fusion-sep-clear\"><\/div><div class=\"fusion-separator sep-single sep-solid\" style=\"border-color:#cbaa5c;border-top-width:1px;margin-left: auto;margin-right: auto;margin-top:0px;margin-bottom:20px;width:100%;max-width:50px;\"><\/div><div class=\"fusion-text\"><p><strong>2080. i 2009. godine &#8211; Kvaliteta za Hrvatsku<\/strong>- 3rd place award in the category of hotels of the year, small hotels of Continental Croatia.<\/p>\n<p><strong>2011. godine &#8211; Kvaliteta za Hrvatsku<\/strong>- 1st place award in the category of hotels of the year,<span class=\"Apple-converted-space\">\u00a0 <\/span>small and family hotels of Continental Croatia.<\/p>\n<p><strong>2014. godine &#8211; Turisti\u010dki cvijet &#8211; Kvaliteta za Hrvatsku<\/strong>- 3rd place award in the category of small hotels on the continent.<\/p>\n<p><strong>2015. godine &#8211; Turisti\u010dki cvijet &#8211; Kvaliteta za Hrvatsku<\/strong>- 2nd place award in the category of small and friendly hotels in Croatia, ADRIA 2015 finalist, the category of small and family hotels.<\/p>\n<p><strong>Od 2008. Gastronaut Croatica<span class=\"Apple-converted-space\">\u00a0 <\/span>- 12 years in a row<\/strong> our restaurant has been recognized as one of 100 leading restaurants in Croatia<\/p>\n<\/div><div class=\"fusion-sep-clear\"><\/div><div class=\"fusion-separator fusion-full-width-sep sep-none\" style=\"margin-left: auto;margin-right: auto;margin-top:12px;\"><\/div><div class=\"fusion-clearfix\"><\/div>\n\n\t\t\t\t\t<\/div>\n\t\t\t\t<\/div><\/div><\/div><div class=\"fusion-fullwidth fullwidth-box nonhundred-percent-fullwidth non-hundred-percent-height-scrolling\"  style='background-color: rgba(255,255,255,0);background-position: center center;background-repeat: no-repeat;padding-top:60px;padding-right:0px;padding-bottom:60px;padding-left:0px;'><div class=\"fusion-builder-row fusion-row\"><div  class=\"fusion-layout-column fusion_builder_column fusion_builder_column_1_6 fusion-builder-column-8 fusion-one-sixth fusion-column-first 1_6\"  style='margin-top:0px;margin-bottom:20px;width:16.66%;width:calc(16.66% - ( ( 4% + 4% ) * 0.1666 ) );margin-right: 4%;'>\n\t\t\t\t\t<div class=\"fusion-column-wrapper\" style=\"padding: 0px 0px 0px 0px;background-position:left top;background-repeat:no-repeat;-webkit-background-size:cover;-moz-background-size:cover;-o-background-size:cover;background-size:cover;\"   data-bg-url=\"\">\n\t\t\t\t\t\t<div class=\"fusion-clearfix\"><\/div>\n\n\t\t\t\t\t<\/div>\n\t\t\t\t<\/div><div  class=\"fusion-layout-column fusion_builder_column fusion_builder_column_2_3 fusion-builder-column-9 fusion-two-third 2_3\"  style='margin-top:0px;margin-bottom:20px;width:66.66%;width:calc(66.66% - ( ( 4% + 4% ) * 0.6666 ) );margin-right: 4%;'>\n\t\t\t\t\t<div class=\"fusion-column-wrapper\" style=\"padding: 0px 0px 0px 0px;background-position:left top;background-repeat:no-repeat;-webkit-background-size:cover;-moz-background-size:cover;-o-background-size:cover;background-size:cover;\"   data-bg-url=\"\">\n\t\t\t\t\t\t<div class=\"fusion-testimonials classic fusion-testimonials-1\" data-random=\"0\" data-speed=\"4000\"><style type=\"text\/css\">#fusion-testimonials-1 a{border-color:#262223;}#fusion-testimonials-1 a:hover, #fusion-testimonials-1 .activeSlide{background-color: #262223;}.fusion-testimonials.classic.fusion-testimonials-1 .author:after{border-top-color:#f5f2eb !important;}<\/style><div class=\"reviews\"><div class=\"review female\"><blockquote><q style=\"background-color:#f5f2eb;color:#262223;\" class=\"fusion-clearfix\">\n<p style=\"text-align: center;\"><em><strong>Good rest near A1!<\/strong><\/em><\/p>\n<p style=\"text-align: center;\"><em>Big room, nice staff, restaurant available on site. We needed a place to rest during our trip to croatian island and this hotel is close to A1 highway.<\/em><\/p>\n<\/q><\/blockquote><div class=\"author\" style=\"color:#262223;\"><span class=\"testimonial-thumbnail doe\" style=\"color:#262223;\"><\/span><span class=\"company-name\"><strong>Stefaniabo, booking.com<\/strong>, <span>Italy<\/span><\/span><\/div><\/div><div class=\"review female\"><blockquote><q style=\"background-color:#f5f2eb;color:#262223;\" class=\"fusion-clearfix\">\n<p style=\"text-align: center;\"><em><strong>Very good!<\/strong><\/em><\/p>\n<p style=\"text-align: center;\"><em>Very big room with a good furniture. Comfortable bed. Sufficient breakfast. Free parking. Nice town.<\/em><\/p>\n<\/q><\/blockquote><div class=\"author\" style=\"color:#262223;\"><span class=\"testimonial-thumbnail doe\" style=\"color:#262223;\"><\/span><span class=\"company-name\"><strong>Liudmila, booking.com<\/strong>, <span>Russia<\/span><\/span><\/div><\/div><div class=\"review male\"><blockquote><q style=\"background-color:#f5f2eb;color:#262223;\" class=\"fusion-clearfix\">\n<p style=\"text-align: center;\"><strong><em>Fabulous!<\/em><\/strong><\/p>\n<p style=\"text-align: center;\"><em> &#8230;location, comfortable, tidy room, parking with monitoring (camera) great serpentines around (motor bikers!)<\/em><\/p>\n<\/q><\/blockquote><div class=\"author\" style=\"color:#262223;\"><span class=\"testimonial-thumbnail doe\" style=\"color:#262223;\"><\/span><span class=\"company-name\"><strong>Jen\u0151, booking.com<\/strong>, <span>Hungary<\/span><\/span><\/div><\/div><div class=\"review male\"><blockquote><q style=\"background-color:#f5f2eb;color:#262223;\" class=\"fusion-clearfix\">\n<p class=\"c-review-block__title c-review-block__title--original c-review__title--ltr\" lang=\"en\" style=\"text-align: center;\"><em><strong>Very nice hotel + very friendly staff!<\/strong><\/em><\/p>\n<div class=\"c-review__row\">\n<p class=\"c-review__inner c-review__inner--ltr\" style=\"text-align: center;\"><em><span class=\"c-review__body c-review__body--original\" lang=\"en\">Great staff at reception and restaurant, very nice fresh and delicious breakfast. 10\/10<\/span><\/em><\/p>\n<\/div>\n<\/q><\/blockquote><div class=\"author\" style=\"color:#262223;\"><span class=\"testimonial-thumbnail doe\" style=\"color:#262223;\"><\/span><span class=\"company-name\"><strong>Tin, booking.com<\/strong>, <span>Hrvatska<\/span><\/span><\/div><\/div><div class=\"review male\"><blockquote><q style=\"background-color:#f5f2eb;color:#262223;\" class=\"fusion-clearfix\">\n<p class=\"c-review-block__title c-review-block__title--original c-review__title--ltr\" lang=\"en\" style=\"text-align: center;\"><em><strong>Very good!<\/strong><\/em><\/p>\n<p class=\"c-review-block__title c-review-block__title--original c-review__title--ltr\" lang=\"en\" style=\"text-align: center;\"><em>Staff very helpful and always with a smile. Food is well cooked and served with a full plate.\u00a0<\/em><\/p>\n<\/q><\/blockquote><div class=\"author\" style=\"color:#262223;\"><span class=\"testimonial-thumbnail doe\" style=\"color:#262223;\"><\/span><span class=\"company-name\"><strong>David, booking.com<\/strong>, <span>UK<\/span><\/span><\/div><\/div><div class=\"review male\"><blockquote><q style=\"background-color:#f5f2eb;color:#262223;\" class=\"fusion-clearfix\">\n<p class=\"c-review-block__title c-review-block__title--original c-review__title--ltr\" lang=\"en\" style=\"text-align: center;\"><em><strong>Very good!<\/strong><\/em><\/p>\n<div class=\"c-review__row\">\n<p class=\"c-review__inner c-review__inner--ltr\" style=\"text-align: center;\"><em><span class=\"c-review__body c-review__body--original\" lang=\"en\">We were on a cycle tour and they provided us with a safe place to lock our bikes. The staff were so friendly and helpful.<\/span><\/em><\/p>\n<\/div>\n<\/q><\/blockquote><div class=\"author\" style=\"color:#262223;\"><span class=\"testimonial-thumbnail doe\" style=\"color:#262223;\"><\/span><span class=\"company-name\"><strong>Steve, booking.com<\/strong>, <span>Australia<\/span><\/span><\/div><\/div><\/div><div class=\"testimonial-pagination\" id=\"fusion-testimonials-1\"><\/div><\/div><div class=\"fusion-clearfix\"><\/div>\n\n\t\t\t\t\t<\/div>\n\t\t\t\t<\/div><div  class=\"fusion-layout-column fusion_builder_column fusion_builder_column_1_6 fusion-builder-column-10 fusion-one-sixth fusion-column-last 1_6\"  style='margin-top:0px;margin-bottom:20px;width:16.66%;width:calc(16.66% - ( ( 4% + 4% ) * 0.1666 ) );'>\n\t\t\t\t\t<div class=\"fusion-column-wrapper\" style=\"padding: 0px 0px 0px 0px;background-position:left top;background-repeat:no-repeat;-webkit-background-size:cover;-moz-background-size:cover;-o-background-size:cover;background-size:cover;\"   data-bg-url=\"\">\n\t\t\t\t\t\t<div class=\"fusion-clearfix\"><\/div>\n\n\t\t\t\t\t<\/div>\n\t\t\t\t<\/div><\/div><\/div><\/p>","protected":false},"excerpt":{"rendered":"","protected":false},"author":1,"featured_media":0,"parent":0,"menu_order":0,"comment_status":"closed","ping_status":"closed","template":"100-width.php","meta":[],"_links":{"self":[{"href":"https:\/\/hotel-frankopan.hr\/en\/wp-json\/wp\/v2\/pages\/1755"}],"collection":[{"href":"https:\/\/hotel-frankopan.hr\/en\/wp-json\/wp\/v2\/pages"}],"about":[{"href":"https:\/\/hotel-frankopan.hr\/en\/wp-json\/wp\/v2\/types\/page"}],"author":[{"embeddable":true,"href":"https:\/\/hotel-frankopan.hr\/en\/wp-json\/wp\/v2\/users\/1"}],"replies":[{"embeddable":true,"href":"https:\/\/hotel-frankopan.hr\/en\/wp-json\/wp\/v2\/comments?post=1755"}],"version-history":[{"count":27,"href":"https:\/\/hotel-frankopan.hr\/en\/wp-json\/wp\/v2\/pages\/1755\/revisions"}],"predecessor-version":[{"id":2644,"href":"https:\/\/hotel-frankopan.hr\/en\/wp-json\/wp\/v2\/pages\/1755\/revisions\/2644"}],"wp:attachment":[{"href":"https:\/\/hotel-frankopan.hr\/en\/wp-json\/wp\/v2\/media?parent=1755"}],"curies":[{"name":"wp","href":"https:\/\/api.w.org\/{rel}","templated":true}]}}